{"id":3,"date":"2025-01-24T01:50:31","date_gmt":"2025-01-24T04:50:31","guid":{"rendered":"https:\/\/eu.artereciclada.com.br\/?page_id=3"},"modified":"2025-03-05T20:59:10","modified_gmt":"2025-03-06T02:59:10","slug":"privacy-policy","status":"publish","type":"page","link":"https:\/\/eu.artereciclada.com.br\/it\/privacy-policy\/","title":{"rendered":"Informativa sulla Privacy"},"content":{"rendered":"<p>Benvenuti su Eu Art! La presente Informativa sulla privacy descrive le modalit\u00e0 con cui Eu Art (\u201cnoi\u201d, \u201cnostro\u201d o \u201cci\u201d) raccoglie, utilizza, archivia e protegge le informazioni personali degli utenti (\u201cvoi\u201d o \u201cvostro\u201d) che accedono e utilizzano il sito web. <a href=\"https:\/\/eu.artereciclada.com.br\/it\/\" data-type=\"link\" data-id=\"www.euro.artereciclada.com.br\">www.eu.artereciclada.com.br<\/a> (di seguito denominato \u201cSito\u201d). Ci impegniamo a proteggere la tua privacy e a garantire la sicurezza dei tuoi dati personali in conformit\u00e0 con la Legge generale sulla protezione dei dati (LGPD - Legge n. 13.709\/2018).<\/p>\n\n\n\n<h3 class=\"wp-block-heading\">1. Introduzione<\/h3>\n\n\n\n<p>La tua privacy e la protezione dei tuoi dati personali sono per noi di fondamentale importanza. La presente Informativa sulla privacy spiega come raccogliamo, utilizziamo, divulghiamo e proteggiamo le tue informazioni quando utilizzi il nostro Sito. Accedendo o utilizzando il nostro Sito, acconsenti alla raccolta e all'utilizzo delle informazioni in conformit\u00e0 con la presente informativa.<\/p>\n\n\n\n<h3 class=\"wp-block-heading\">2. Raccolta dei dati<\/h3>\n\n\n\n<h4 class=\"wp-block-heading\">2.1 Informazioni che raccogliamo<\/h4>\n\n\n\n<p>Raccogliamo vari tipi di informazioni per fornirti e migliorare i nostri servizi:<\/p>\n\n\n\n<ul class=\"wp-block-list\">\n<li><strong>Informazioni personali:<\/strong> Nome, indirizzo e-mail, numero di telefono e altre informazioni fornite volontariamente durante la registrazione, l'acquisto o quando ci contattate.<\/li>\n\n\n\n<li><strong>Dati di utilizzo:<\/strong> Informazioni su come accedi e utilizzi il Sito, compreso l'indirizzo IP, il tipo di browser, le pagine visitate, il tempo trascorso sulle pagine e altre metriche relative alle prestazioni.<\/li>\n\n\n\n<li><strong>Cookie e tecnologie simili:<\/strong> Utilizziamo cookie e altre tecnologie di tracciamento per raccogliere informazioni sulle attivit\u00e0 di navigazione dell'utente sul Sito.<\/li>\n<\/ul>\n\n\n\n<h4 class=\"wp-block-heading\">2.2 Metodi di raccolta<\/h4>\n\n\n\n<ul class=\"wp-block-list\">\n<li><strong>Direttamente da te:<\/strong> Raccogliamo le informazioni che ci fornisci direttamente compilando moduli, iscrivendoti a newsletter, effettuando acquisti o interagendo con noi in altri modi.<\/li>\n\n\n\n<li><strong>Automaticamente:<\/strong> Utilizziamo tecnologie quali cookie, web beacon e log dei server per raccogliere automaticamente informazioni quando l'utente visita il Sito.<\/li>\n<\/ul>\n\n\n\n<h3 class=\"wp-block-heading\">3. Utilizzo dei dati<\/h3>\n\n\n\n<p>Utilizziamo le informazioni raccolte per i seguenti scopi:<\/p>\n\n\n\n<ul class=\"wp-block-list\">\n<li><strong>Fornire e migliorare i servizi:<\/strong> Per gestire, mantenere e migliorare il Sito, personalizzare la tua esperienza e rispondere alle tue richieste.<\/li>\n\n\n\n<li><strong>Comunicazioni:<\/strong> Per inviare aggiornamenti, promozioni, newsletter e altre comunicazioni relative al Sito e ai nostri servizi, previo consenso da parte dell'utente.<\/li>\n\n\n\n<li><strong>Marketing:<\/strong> Analizzare le tendenze, amministrare il sito e raccogliere informazioni demografiche per uso interno.<\/li>\n\n\n\n<li><strong>Sicurezza:<\/strong> Per proteggere da frodi, abusi e altre attivit\u00e0 illegali o dannose.<\/li>\n<\/ul>\n\n\n\n<h3 class=\"wp-block-heading\">4. Condivisione dei dati<\/h3>\n\n\n\n<h4 class=\"wp-block-heading\">4.1 Terze parti di fiducia<\/h4>\n\n\n\n<p>Potremmo condividere le informazioni dell'utente con terze parti di fiducia che ci assistono nella gestione del Sito e nella fornitura dei servizi, a condizione che tali terze parti accettino di mantenere riservate le informazioni e di utilizzarle solo per gli scopi da noi autorizzati.<\/p>\n\n\n\n<h4 class=\"wp-block-heading\">4.2 Obblighi legali<\/h4>\n\n\n\n<p>Potremmo divulgare le informazioni personali dell'utente se richiesto dalla legge, dai regolamenti o da procedimenti legali, oppure per proteggere i nostri diritti, la nostra propriet\u00e0 o la nostra sicurezza, nonch\u00e9 quelli dei nostri utenti e di altri soggetti.<\/p>\n\n\n\n<h4 class=\"wp-block-heading\">4.3 Trasferimenti internazionali<\/h4>\n\n\n\n<p>Le tue informazioni potrebbero essere trasferite e conservate su server situati al di fuori del Brasile. Ci assicureremo che tali trasferimenti siano effettuati in conformit\u00e0 con la LGPD, garantendo livelli adeguati di protezione dei dati.<\/p>\n\n\n\n<h3 class=\"wp-block-heading\">5. Sicurezza dei dati<\/h3>\n\n\n\n<p>Adottiamo misure di sicurezza tecniche e organizzative adeguate per proteggere le informazioni personali dell'utente da accessi non autorizzati, alterazioni, divulgazioni o distruzioni. Tuttavia, nessuna trasmissione di dati su Internet o metodo di archiviazione elettronica \u00e8 sicuro al 100%. Pertanto, non possiamo garantire la sicurezza assoluta delle informazioni dell'utente.<\/p>\n\n\n\n<h3 class=\"wp-block-heading\">6. Diritti degli utenti ai sensi della LGPD<\/h3>\n\n\n\n<p>Ai sensi della LGPD, hai i seguenti diritti in relazione ai tuoi dati personali:<\/p>\n\n\n\n<ul class=\"wp-block-list\">\n<li><strong>Accesso:<\/strong> Il diritto di richiedere l'accesso ai propri dati personali in nostro possesso.<\/li>\n\n\n\n<li><strong>Correzione:<\/strong> Il diritto di richiedere la correzione di dati incompleti, inesatti o non aggiornati.<\/li>\n\n\n\n<li><strong>Cancellazione:<\/strong> Il diritto di richiedere la cancellazione dei propri dati personali, a condizione che non sussista alcun obbligo legale di conservarli.<\/li>\n\n\n\n<li><strong>Portabilit\u00e0:<\/strong> Il diritto di richiedere il trasferimento dei propri dati personali a un altro fornitore di servizi o prodotti.<\/li>\n\n\n\n<li><strong>Revoca del consenso:<\/strong> Il diritto di revocare il consenso precedentemente fornito al trattamento dei propri dati personali.<\/li>\n<\/ul>\n\n\n\n<p>Per esercitare uno qualsiasi di questi diritti, vi preghiamo di contattarci all'indirizzo <a><\/a><a href=\"http:\/\/www.euro.artereciclada.com.br\" data-type=\"link\" data-id=\"www.euro.artereciclada.com.br\">contato@artereciclada.com.br<\/a>.<\/p>\n\n\n\n<h3 class=\"wp-block-heading\">7. Politica sui cookie<\/h3>\n\n\n\n<h4 class=\"wp-block-heading\">7.1 Cosa sono i cookie<\/h4>\n\n\n\n<p>I cookie sono piccoli file di testo memorizzati sul tuo dispositivo quando visiti un sito web. Sono ampiamente utilizzati per rendere i siti web pi\u00f9 efficienti e fornire informazioni ai proprietari dei siti.<\/p>\n\n\n\n<h4 class=\"wp-block-heading\">7.2 Tipi di cookie utilizzati<\/h4>\n\n\n\n<p>Utilizziamo diversi tipi di cookie per vari scopi:<\/p>\n\n\n\n<ul class=\"wp-block-list\">\n<li><strong>Cookie essenziali:<\/strong> Necessari per il funzionamento di base del Sito. Questi cookie consentono la navigazione all'interno del Sito e l'utilizzo delle sue funzionalit\u00e0, come l'accesso alle aree protette. Senza questi cookie, alcuni servizi offerti sul Sito non possono essere forniti.<\/li>\n\n\n\n<li><strong>Cookie di prestazione:<\/strong> Raccogliere informazioni su come utilizzi il Sito, ad esempio le pagine che visiti pi\u00f9 spesso e se ricevi messaggi di errore dalle pagine web. Questi cookie non raccolgono informazioni che identificano un visitatore. Tutte le informazioni raccolte da questi cookie sono aggregate e quindi anonime. Sono utilizzate esclusivamente per migliorare il funzionamento del Sito.<\/li>\n\n\n\n<li><strong>Cookie di funzionalit\u00e0:<\/strong> Consentire al Sito di ricordare le scelte effettuate dall'utente (ad esempio nome utente, lingua o regione di appartenenza) e fornire funzionalit\u00e0 avanzate e pi\u00f9 personalizzate. Queste informazioni possono essere utilizzate per ricordare le preferenze dell'utente in vista di future visite al Sito.<\/li>\n\n\n\n<li><strong>Cookie pubblicitari:<\/strong> Utilizzati per fornire annunci pubblicitari pi\u00f9 pertinenti per te e i tuoi interessi. Sono utilizzati anche per limitare il numero di volte in cui visualizzi un annuncio pubblicitario e per aiutare a misurare l'efficacia delle campagne pubblicitarie.<\/li>\n<\/ul>\n\n\n\n<h4 class=\"wp-block-heading\">7.3 Come utilizziamo i cookie<\/h4>\n\n\n\n<p>Utilizziamo i cookie per i seguenti scopi:<\/p>\n\n\n\n<ul class=\"wp-block-list\">\n<li><strong>Autenticazione e sicurezza:<\/strong> Per garantire un accesso sicuro al Sito e alle sue funzionalit\u00e0.<\/li>\n\n\n\n<li><strong>Analisi e miglioramento:<\/strong> Per comprendere come gli utenti interagiscono con il Sito al fine di migliorarne l'usabilit\u00e0 e i contenuti.<\/li>\n\n\n\n<li><strong>Personalizzazione:<\/strong> Per personalizzare i contenuti e le offerte in base alle tue preferenze e al tuo comportamento di navigazione.<\/li>\n\n\n\n<li><strong>Pubblicit\u00e0:<\/strong> Per visualizzare annunci pubblicitari pertinenti e personalizzati e per misurare l'efficacia delle campagne pubblicitarie.<\/li>\n<\/ul>\n\n\n\n<h4 class=\"wp-block-heading\">7.4 Gestione dei cookie<\/h4>\n\n\n\n<p>\u00c8 possibile gestire e controllare l'uso dei cookie tramite le impostazioni del browser. La maggior parte dei browser consente di rifiutare o accettare i cookie, bloccare i cookie di terze parti o eliminare i cookie gi\u00e0 memorizzati. Tuttavia, la disattivazione dei cookie essenziali pu\u00f2 influire sulla funzionalit\u00e0 del Sito e limitare l'esperienza di navigazione.<\/p>\n\n\n\n<p>Per ulteriori informazioni su come gestire i cookie, \u00e8 possibile visitare il sito <a href=\"https:\/\/www.aboutcookies.org\" target=\"_blank\" rel=\"noopener\">www.aboutcookies.org<\/a> o <a href=\"https:\/\/www.allaboutcookies.org\" target=\"_blank\" rel=\"noopener\">www.allaboutcookies.org<\/a>.<\/p>\n\n\n\n<h3 class=\"wp-block-heading\">8. Servizi di terze parti<\/h3>\n\n\n\n<p>Potremmo avvalerci di servizi di terze parti per fornire funzionalit\u00e0 aggiuntive al Sito, quali l'elaborazione dei pagamenti, l'analisi dei dati e l'hosting dei contenuti. Tali terze parti potrebbero avere accesso alle informazioni personali dell'utente solo per svolgere tali attivit\u00e0 per nostro conto e sono tenute a proteggere tali informazioni in conformit\u00e0 con la presente Informativa sulla privacy e la LGPD.<\/p>\n\n\n\n<h3 class=\"wp-block-heading\">9. Privacy dei minori<\/h3>\n\n\n\n<p>Il nostro sito non \u00e8 destinato a minori di et\u00e0 inferiore ai 18 anni. Non raccogliamo consapevolmente informazioni personali dai minori. Qualora venissimo a conoscenza di aver inavvertitamente raccolto informazioni personali da un minore, provvederemo a cancellare immediatamente tali informazioni.<\/p>\n\n\n\n<h3 class=\"wp-block-heading\">10. Modifiche alla Politica sulla privacy<\/h3>\n\n\n\n<p>La nostra Informativa sulla privacy pu\u00f2 essere aggiornata periodicamente. Qualsiasi modifica verr\u00e0 comunicata pubblicando la nuova Informativa sulla privacy sul Sito. Si consiglia di consultare periodicamente la presente Informativa sulla privacy per rimanere informati sulle modalit\u00e0 di protezione dei dati personali.<\/p>\n\n\n\n<h3 class=\"wp-block-heading\">11. Contatti<\/h3>\n\n\n\n<p>Per qualsiasi domanda relativa alla presente Informativa sulla privacy, contattaci all'indirizzo <a><\/a><a href=\"http:\/\/www.euro.artereciclada.com.br\" data-type=\"link\" data-id=\"www.euro.artereciclada.com.br\">contato@artereciclada.com.br<\/a>.<\/p>\n\n\n\n<p><strong>Ultimo aggiornamento:<\/strong> 26 febbraio 2025<\/p>\n\n\n\n<p><\/p>","protected":false},"excerpt":{"rendered":"<p>Welcome to Eu Art! This Privacy Policy describes how Eu Art (&#8220;we&#8221;, &#8220;our&#8221;, or &#8220;us&#8221;) collects, uses, stores, and protects the personal information of users (&#8220;you&#8221; or &#8220;your&#8221;) who access and use the website www.eu.artereciclada.com.br (hereinafter referred to as the &#8220;Site&#8221;). We are committed to protecting your privacy and ensuring the security of your personal [&hellip;]<\/p>","protected":false},"author":1,"featured_media":0,"parent":0,"menu_order":0,"comment_status":"closed","ping_status":"open","template":"","meta":{"footnotes":""},"class_list":["post-3","page","type-page","status-publish","hentry"],"blocksy_meta":[],"_links":{"self":[{"href":"https:\/\/eu.artereciclada.com.br\/it\/wp-json\/wp\/v2\/pages\/3","targetHints":{"allow":["GET"]}}],"collection":[{"href":"https:\/\/eu.artereciclada.com.br\/it\/wp-json\/wp\/v2\/pages"}],"about":[{"href":"https:\/\/eu.artereciclada.com.br\/it\/wp-json\/wp\/v2\/types\/page"}],"author":[{"embeddable":true,"href":"https:\/\/eu.artereciclada.com.br\/it\/wp-json\/wp\/v2\/users\/1"}],"replies":[{"embeddable":true,"href":"https:\/\/eu.artereciclada.com.br\/it\/wp-json\/wp\/v2\/comments?post=3"}],"version-history":[{"count":2,"href":"https:\/\/eu.artereciclada.com.br\/it\/wp-json\/wp\/v2\/pages\/3\/revisions"}],"predecessor-version":[{"id":175,"href":"https:\/\/eu.artereciclada.com.br\/it\/wp-json\/wp\/v2\/pages\/3\/revisions\/175"}],"wp:attachment":[{"href":"https:\/\/eu.artereciclada.com.br\/it\/wp-json\/wp\/v2\/media?parent=3"}],"curies":[{"name":"wp","href":"https:\/\/api.w.org\/{rel}","templated":true}]}}